{"id":34,"date":"2022-06-19T20:04:45","date_gmt":"2022-06-19T20:04:45","guid":{"rendered":"http:\/\/genesispii.com\/do\/?page_id=34"},"modified":"2022-07-13T01:09:04","modified_gmt":"2022-07-13T01:09:04","slug":"servicios","status":"publish","type":"page","link":"https:\/\/genesispii.com\/do\/servicios\/","title":{"rendered":"Servicios"},"content":{"rendered":"<p>[vc_row full_width=\u00bbstretch_row\u00bb default_id=\u00bbthemesflat_1525225752&#8243;][vc_column]<div class=\"title-section   center \">\r\n\t\t\r\n\t\t\t<div class=\"top-title\">\r\n\t\t\t\tExplora Nuestros Servicios\r\n\t\t\t<\/div>\r\n\t\t<h2 class=\"title\" style=\"\r\n\t\t\tfont-size: 35px;\r\n\t\t\tfont-weight: 400;\r\n\t\t\tline-height: 49px;\r\n\t\t\tcolor: #111111;\r\n\t\t\tmargin-bottom: 2px;\r\n\t\t\tletter-spacing: 0px;\r\n\t\t\">\r\n\t\t\t\u00bfC\u00f3mo lo hacemos?\r\n\t\t<\/h2>\t\r\n\t\t<div class=\"title-line\"><\/div>\t\t\t\r\n\t\t\r\n\r\n\t<\/div>[vc_icon icon_fontawesome=\u00bbfas fa-list-ul\u00bb color=\u00bbgrey\u00bb size=\u00bblg\u00bb align=\u00bbcenter\u00bb css_animation=\u00bbfadeInUp\u00bb][vc_column_text]<\/p>\n<h5 style=\"text-align: center;\"><span class=\"VIiyi\" lang=\"es\"><span class=\"JLqJ4b ChMk0b\" data-language-for-alternatives=\"es\" data-language-to-translate-into=\"en\" data-phrase-index=\"0\" data-number-of-phrases=\"1\"><span class=\"Q4iAWc\">Hemos creado una campa\u00f1a de 6 pasos para ayudar a nuestros clientes:<\/span><\/span><\/span><\/h5>\n<p>[\/vc_column_text]\r\n\t\t<div class=\"themesflat-spacer \" data-desktop=\"37\" data-mobile=\"30\" data-smobile=\"20\">\t\t\t\r\n\t\t<\/div>[vc_row_inner][vc_column_inner width=\u00bb1\/3&#8243;]<div class=\"themesflat_iconbox themesflat_hover  top style4 transparent themesflat_1525224863\" >\r\n\t\t\r\n\t\t<div class=\"iconbox-icon\" style=\"width: 65px;height: 65px;background-color:\"><div class=\"icon\" style=\"width: 65px;height: 65px;background-color:\"><span class=\"fas fa-user-tie\" style=\"line-height: 65px;color: #00a3d6;font-size: 65px\"><\/span><\/div><\/div>\r\n\t\t\r\n\t\t<div class=\"iconbox-content\" style=\"\r\n\t\t\ttext-align: center;\r\n\t\t\">\r\n\t\t\t<h4 class=\"title\" style=\"font-size: 19px;font-weight: 500;color: #111111\">\r\n\t\t\t\t<a href=\"#\" style=\"font-size: 19px;font-weight: 500;color: #111111\">Conociendo al cliente<\/a>\r\n\t\t\t<\/h4>\r\n\t\t\t\r\n\t\t\t<p><span class=\"VIiyi\" lang=\"es\"><span class=\"JLqJ4b ChMk0b\" data-language-for-alternatives=\"es\" data-language-to-translate-into=\"en\" data-phrase-index=\"1\" data-number-of-phrases=\"2\"><span class=\"Q4iAWc\">Cont\u00e1ctanos para saber m\u00e1s\u00a0sobre tu situaci\u00f3n actual. Esta informaci\u00f3n\u00a0ayudar\u00e1 a nuestros expertos a dise\u00f1ar\u00a0la mejor opci\u00f3n\u00a0para ti.<\/span><\/span><\/span><\/p>\n\r\n\t\t\t\r\n\t\t<\/div>\r\n\t<\/div>\r\n\t\t<div class=\"themesflat-spacer \" data-desktop=\"0\" data-mobile=\"40\" data-smobile=\"30\">\t\t\t\r\n\t\t<\/div>[\/vc_column_inner][vc_column_inner width=\u00bb1\/3&#8243;]<div class=\"themesflat_iconbox themesflat_hover  top style4 transparent themesflat_1525224863\" >\r\n\t\t\r\n\t\t<div class=\"iconbox-icon\" style=\"width: 65px;height: 65px;background-color:\"><div class=\"icon\" style=\"width: 65px;height: 65px;background-color:\"><span class=\"far fa-handshake\" style=\"line-height: 65px;color: #00a3d6;font-size: 65px\"><\/span><\/div><\/div>\r\n\t\t\r\n\t\t<div class=\"iconbox-content\" style=\"\r\n\t\t\ttext-align: center;\r\n\t\t\">\r\n\t\t\t<h4 class=\"title\" style=\"font-size: 19px;font-weight: 500;color: #111111\">\r\n\t\t\t\t<a href=\"#\" style=\"font-size: 19px;font-weight: 500;color: #111111\">Alternativa(s) de Rehabilitaci\u00f3n Financiera<\/a>\r\n\t\t\t<\/h4>\r\n\t\t\t\r\n\t\t\t<p><span class=\"VIiyi\" lang=\"es\"><span class=\"JLqJ4b ChMk0b\" data-language-for-alternatives=\"es\" data-language-to-translate-into=\"en\" data-phrase-index=\"0\" data-number-of-phrases=\"1\"><span class=\"Q4iAWc\">Nuestros expertos har\u00e1n todo lo posible para crear tantas soluciones como sea posible, brind\u00e1ndote un conjunto de posibilidades para pagar tu deuda con planes de pago asequibles, y lo m\u00e1s importante: sin dificultades financieras.<\/span><\/span><\/span><\/p>\n\r\n\t\t\t\r\n\t\t<\/div>\r\n\t<\/div>\r\n\t\t<div class=\"themesflat-spacer \" data-desktop=\"0\" data-mobile=\"40\" data-smobile=\"30\">\t\t\t\r\n\t\t<\/div>[\/vc_column_inner][vc_column_inner width=\u00bb1\/3&#8243;]<div class=\"themesflat_iconbox themesflat_hover  top style4 transparent themesflat_1525224863\" >\r\n\t\t\r\n\t\t<div class=\"iconbox-icon\" style=\"width: 65px;height: 65px;background-color:\"><div class=\"icon\" style=\"width: 65px;height: 65px;background-color:\"><span class=\"fas fa-check\" style=\"line-height: 65px;color: #00a3d6;font-size: 65px\"><\/span><\/div><\/div>\r\n\t\t\r\n\t\t<div class=\"iconbox-content\" style=\"\r\n\t\t\ttext-align: center;\r\n\t\t\">\r\n\t\t\t<h4 class=\"title\" style=\"font-size: 19px;font-weight: 500;color: #111111\">\r\n\t\t\t\t<a href=\"#\" style=\"font-size: 19px;font-weight: 500;color: #111111\">Selecci\u00f3n del Producto Soluci\u00f3n<\/a>\r\n\t\t\t<\/h4>\r\n\t\t\t\r\n\t\t\t<p><span class=\"VIiyi\" lang=\"es\"><span class=\"JLqJ4b ChMk0b\" data-language-for-alternatives=\"es\" data-language-to-translate-into=\"en\" data-phrase-index=\"0\" data-number-of-phrases=\"1\"><span class=\"Q4iAWc\">Nuestros expertos lo ayudar\u00e1n durante el proceso de selecci\u00f3n para asegurarse de que no vuelva a tener problemas y, por supuesto, para reducir las posibilidades de un nuevo incumplimiento.<\/span><\/span><\/span><\/p>\n\r\n\t\t\t\r\n\t\t<\/div>\r\n\t<\/div>\r\n\t\t<div class=\"themesflat-spacer \" data-desktop=\"0\" data-mobile=\"40\" data-smobile=\"30\">\t\t\t\r\n\t\t<\/div>[\/vc_column_inner][\/vc_row_inner]\r\n\t\t<div class=\"themesflat-spacer \" data-desktop=\"105\" data-mobile=\"40\" data-smobile=\"30\">\t\t\t\r\n\t\t<\/div>[vc_row_inner][vc_column_inner width=\u00bb1\/3&#8243;]<div class=\"themesflat_iconbox themesflat_hover  top style4 transparent themesflat_1525224863\" >\r\n\t\t\r\n\t\t<div class=\"iconbox-icon\" style=\"width: 65px;height: 65px;background-color:\"><div class=\"icon\" style=\"width: 65px;height: 65px;background-color:\"><span class=\"fas fa-chart-line\" style=\"line-height: 65px;color: #00a3d6;font-size: 65px\"><\/span><\/div><\/div>\r\n\t\t\r\n\t\t<div class=\"iconbox-content\" style=\"\r\n\t\t\ttext-align: center;\r\n\t\t\">\r\n\t\t\t<h4 class=\"title\" style=\"font-size: 19px;font-weight: 500;color: #111111\">\r\n\t\t\t\t<a href=\"#\" style=\"font-size: 19px;font-weight: 500;color: #111111\">Proceso de Seguimiento<\/a>\r\n\t\t\t<\/h4>\r\n\t\t\t\r\n\t\t\t<p><span class=\"VIiyi\" lang=\"es\"><span class=\"JLqJ4b ChMk0b\" data-language-for-alternatives=\"es\" data-language-to-translate-into=\"en\" data-phrase-index=\"0\" data-number-of-phrases=\"2\"><span class=\"Q4iAWc\">Entendemos que en ocasiones podemos enfrentarnos a situaciones extraordinarias fuera de nuestras manos;<\/span><\/span> <span class=\"JLqJ4b ChMk0b\" data-language-for-alternatives=\"es\" data-language-to-translate-into=\"en\" data-phrase-index=\"1\" data-number-of-phrases=\"2\"><span class=\"Q4iAWc\">nuestros agentes estar\u00e1n listos para usted en caso de que necesite un apoyo extra para evitar un nuevo incumplimiento, para que pueda completar su compromiso.<\/span><\/span><\/span><\/p>\n\r\n\t\t\t\r\n\t\t<\/div>\r\n\t<\/div>\r\n\t\t<div class=\"themesflat-spacer \" data-desktop=\"0\" data-mobile=\"40\" data-smobile=\"30\">\t\t\t\r\n\t\t<\/div>[\/vc_column_inner][vc_column_inner width=\u00bb1\/3&#8243;]<div class=\"themesflat_iconbox themesflat_hover  top style4 transparent themesflat_1525224863\" >\r\n\t\t\r\n\t\t<div class=\"iconbox-icon\" style=\"width: 65px;height: 65px;background-color:\"><div class=\"icon\" style=\"width: 65px;height: 65px;background-color:\"><span class=\"far fa-thumbs-up\" style=\"line-height: 65px;color: #00a3d6;font-size: 65px\"><\/span><\/div><\/div>\r\n\t\t\r\n\t\t<div class=\"iconbox-content\" style=\"\r\n\t\t\ttext-align: center;\r\n\t\t\">\r\n\t\t\t<h4 class=\"title\" style=\"font-size: 19px;font-weight: 500;color: #111111\">\r\n\t\t\t\t<a href=\"#\" style=\"font-size: 19px;font-weight: 500;color: #111111\">Cierre de Cuenta<\/a>\r\n\t\t\t<\/h4>\r\n\t\t\t\r\n\t\t\t<p><span class=\"VIiyi\" lang=\"es\"><span class=\"JLqJ4b ChMk0b\" data-language-for-alternatives=\"es\" data-language-to-translate-into=\"en\" data-phrase-index=\"0\" data-number-of-phrases=\"2\"><span class=\"Q4iAWc\">Una vez que haya cumplido con su compromiso, le acompa\u00f1aremos pro activamente hasta el d\u00eda en que verifique que su cuenta est\u00e1 oficialmente cerrada.<\/span><\/span> <span class=\"JLqJ4b ChMk0b\" data-language-for-alternatives=\"es\" data-language-to-translate-into=\"en\" data-phrase-index=\"1\" data-number-of-phrases=\"2\"><span class=\"Q4iAWc\">(si corresponde: cambio de estado de la oficina de cr\u00e9dito, carta de liquidaci\u00f3n, carta de buena reputaci\u00f3n\u2026)<\/span><\/span><\/span><\/p>\n\r\n\t\t\t\r\n\t\t<\/div>\r\n\t<\/div>\r\n\t\t<div class=\"themesflat-spacer \" data-desktop=\"0\" data-mobile=\"40\" data-smobile=\"30\">\t\t\t\r\n\t\t<\/div>[\/vc_column_inner][vc_column_inner width=\u00bb1\/3&#8243;]<div class=\"themesflat_iconbox themesflat_hover  top style4 transparent themesflat_1525224863\" >\r\n\t\t\r\n\t\t<div class=\"iconbox-icon\" style=\"width: 65px;height: 65px;background-color:\"><div class=\"icon\" style=\"width: 65px;height: 65px;background-color:\"><span class=\"far fa-laugh-beam\" style=\"line-height: 65px;color: #00a3d6;font-size: 65px\"><\/span><\/div><\/div>\r\n\t\t\r\n\t\t<div class=\"iconbox-content\" style=\"\r\n\t\t\ttext-align: center;\r\n\t\t\">\r\n\t\t\t<h4 class=\"title\" style=\"font-size: 19px;font-weight: 500;color: #111111\">\r\n\t\t\t\t<a href=\"#\" style=\"font-size: 19px;font-weight: 500;color: #111111\">Disfrute un Nuevo Comienzo<\/a>\r\n\t\t\t<\/h4>\r\n\t\t\t\r\n\t\t\t<p><span class=\"VIiyi\" lang=\"es\"><span class=\"JLqJ4b ChMk0b\" data-language-for-alternatives=\"es\" data-language-to-translate-into=\"en\" data-phrase-index=\"0\" data-number-of-phrases=\"1\"><span class=\"Q4iAWc\">Segunda oportunidad para un nuevo comienzo, vuelve a sentirte libre y sin estr\u00e9s.<\/span><\/span><\/span><\/p>\n\r\n\t\t\t\r\n\t\t<\/div>\r\n\t<\/div>\r\n\t\t<div class=\"themesflat-spacer \" data-desktop=\"0\" data-mobile=\"40\" data-smobile=\"30\">\t\t\t\r\n\t\t<\/div>[\/vc_column_inner][\/vc_row_inner]\r\n\t\t<div class=\"themesflat-spacer \" data-desktop=\"105\" data-mobile=\"40\" data-smobile=\"30\">\t\t\t\r\n\t\t<\/div>[\/vc_column][\/vc_row][vc_row full_width=\u00bbstretch_row\u00bb default_id=\u00bbthemesflat_1600397445&#8243; css=\u00bb.vc_custom_1600399012301{background-image: url(https:\/\/genesis.design-code.dev\/wp-content\/uploads\/2020\/09\/background4.jpg?id=2214) !important;}\u00bb][vc_column]\r\n\t\t<div class=\"themesflat-spacer \" data-desktop=\"105\" data-mobile=\"40\" data-smobile=\"30\">\t\t\t\r\n\t\t<\/div><div class=\"title-section   center \">\r\n\t\t\r\n\t\t<h2 class=\"title\" style=\"\r\n\t\t\tfont-size: 35px;\r\n\t\t\tfont-weight: 400;\r\n\t\t\tline-height: 49px;\r\n\t\t\tcolor: #000000;\r\n\t\t\tmargin-bottom: 2px;\r\n\t\t\tletter-spacing: 0px;\r\n\t\t\">\r\n\t\t\tOfreceremos una segunda oportunidad y un nuevo comienzo a los clientes con disposici\u00f3n a pagar\r\n\t\t<\/h2>\t\r\n\t\t\t\t\t\r\n\t\t\r\n\r\n\t<\/div>\r\n\t\t<div class=\"themesflat-spacer \" data-desktop=\"105\" data-mobile=\"40\" data-smobile=\"30\">\t\t\t\r\n\t\t<\/div>[\/vc_column][\/vc_row]<\/p>\n","protected":false},"excerpt":{"rendered":"<p>[vc_row full_width=\u00bbstretch_row\u00bb default_id=\u00bbthemesflat_1525225752&#8243;][vc_column][vc_icon icon_fontawesome=\u00bbfas fa-list-ul\u00bb color=\u00bbgrey\u00bb size=\u00bblg\u00bb align=\u00bbcenter\u00bb css_animation=\u00bbfadeInUp\u00bb][vc_column_text] Hemos creado una campa\u00f1a de 6 pasos para ayudar a nuestros clientes: [\/vc_column_text][vc_row_inner][vc_column_inner width=\u00bb1\/3&#8243;][\/vc_column_inner][vc_column_inner width=\u00bb1\/3&#8243;][\/vc_column_inner][vc_column_inner width=\u00bb1\/3&#8243;][\/vc_column_inner][\/vc_row_inner][vc_row_inner][vc_column_inner width=\u00bb1\/3&#8243;][\/vc_column_inner][vc_column_inner width=\u00bb1\/3&#8243;][\/vc_column_inner][vc_column_inner width=\u00bb1\/3&#8243;][\/vc_column_inner][\/vc_row_inner][\/vc_column][\/vc_row][vc_row full_width=\u00bbstretch_row\u00bb default_id=\u00bbthemesflat_1600397445&#8243; css=\u00bb.vc_custom_1600399012301{background-image: url(https:\/\/genesis.design-code.dev\/wp-content\/uploads\/2020\/09\/background4.jpg?id=2214) !important;}\u00bb][vc_column][\/vc_column][\/vc_row]<\/p>\n","protected":false},"author":1,"featured_media":0,"parent":0,"menu_order":0,"comment_status":"closed","ping_status":"closed","template":"tpl\/page_fullwidth.php","meta":[],"aioseo_notices":[],"amp_validity":null,"amp_enabled":true,"_links":{"self":[{"href":"https:\/\/genesispii.com\/do\/wp-json\/wp\/v2\/pages\/34"}],"collection":[{"href":"https:\/\/genesispii.com\/do\/wp-json\/wp\/v2\/pages"}],"about":[{"href":"https:\/\/genesispii.com\/do\/wp-json\/wp\/v2\/types\/page"}],"author":[{"embeddable":true,"href":"https:\/\/genesispii.com\/do\/wp-json\/wp\/v2\/users\/1"}],"replies":[{"embeddable":true,"href":"https:\/\/genesispii.com\/do\/wp-json\/wp\/v2\/comments?post=34"}],"version-history":[{"count":0,"href":"https:\/\/genesispii.com\/do\/wp-json\/wp\/v2\/pages\/34\/revisions"}],"wp:attachment":[{"href":"https:\/\/genesispii.com\/do\/wp-json\/wp\/v2\/media?parent=34"}],"curies":[{"name":"wp","href":"https:\/\/api.w.org\/{rel}","templated":true}]}}