{"id":62,"date":"2022-06-19T22:32:21","date_gmt":"2022-06-19T22:32:21","guid":{"rendered":"http:\/\/genesispii.com\/do\/?page_id=62"},"modified":"2023-12-11T22:03:38","modified_gmt":"2023-12-11T22:03:38","slug":"preguntas-frecuentes","status":"publish","type":"page","link":"https:\/\/genesispii.com\/do\/preguntas-frecuentes\/","title":{"rendered":"Preguntas Frecuentes"},"content":{"rendered":"<p>[vc_row css_animation=\u00bbfadeInDown\u00bb default_id=\u00bbthemesflat_1600461603&#8243; css=\u00bb.vc_custom_1600462280818{background-color: #c9c9c9 !important;border-radius: 30px !important;}\u00bb][vc_column]\r\n\t\t<div class=\"themesflat-spacer \" data-desktop=\"45\" data-mobile=\"30\" data-smobile=\"20\">\t\t\t\r\n\t\t<\/div><div class=\"title-section   center \">\r\n\t\t\r\n\t\t<h2 class=\"title\" style=\"\r\n\t\t\tfont-size: 30px;\r\n\t\t\tfont-weight: 500;\r\n\t\t\tline-height: 48px;\r\n\t\t\tcolor: #000000;\r\n\t\t\tmargin-bottom: 0px;\r\n\t\t\tletter-spacing: 0px;\r\n\t\t\">\r\n\t\t\tSI TUVO UN PR\u00c9STAMO CON SCOTIABANK\r\n\t\t<\/h2>\t\r\n\t\t\t\t\t\r\n\t\t\r\n\t\t\t<div class=\"title-content\" style=\"\r\n\t\t\tfont-size: 15px;\r\n\t\t\tline-height: 26px;\r\n\t\t\tcolor: #000000;\r\n\t\t\tfont-weight: 400;\r\n\t\t\tletter-spacing: 0px;\r\n\t\t\">\r\n\t\t\t\t<p><span class=\"VIiyi\" lang=\"es\"><span class=\"JLqJ4b ChMk0b\" data-language-for-alternatives=\"es\" data-language-to-translate-into=\"en\" data-phrase-index=\"0\" data-number-of-phrases=\"1\"><span class=\"Q4iAWc\">Y RECIBI\u00d3 COMUNICACI\u00d3N DE QUE SU PR\u00c9STAMO FUE VENDIDO A GENESIS PII GROUP:<\/span><\/span><\/span><\/p>\n\r\n\t\t\t<\/div>\r\n\r\n\t<\/div>\r\n\t\t<div class=\"themesflat-spacer \" data-desktop=\"45\" data-mobile=\"30\" data-smobile=\"20\">\t\t\t\r\n\t\t<\/div>[\/vc_column][\/vc_row][vc_row][vc_column]\r\n\t\t<div class=\"themesflat-spacer \" data-desktop=\"45\" data-mobile=\"30\" data-smobile=\"20\">\t\t\t\r\n\t\t<\/div><div class=\"title-section   center \">\r\n\t\t\r\n\t\t\t<div class=\"top-title\">\r\n\t\t\t\tTiene m\u00e1s dudas?\r\n\t\t\t<\/div>\r\n\t\t<h2 class=\"title\" style=\"\r\n\t\t\tfont-size: 30px;\r\n\t\t\tfont-weight: 500;\r\n\t\t\tline-height: 48px;\r\n\t\t\tcolor: #111111;\r\n\t\t\tmargin-bottom: 0px;\r\n\t\t\tletter-spacing: 0px;\r\n\t\t\">\r\n\t\t\tPreguntas Frecuentes\r\n\t\t<\/h2>\t\r\n\t\t<div class=\"title-line\"><\/div>\t\t\t\r\n\t\t\r\n\r\n\t<\/div>\r\n\t\t<div class=\"themesflat-spacer \" data-desktop=\"45\" data-mobile=\"30\" data-smobile=\"20\">\t\t\t\r\n\t\t<\/div>[\/vc_column][\/vc_row][vc_row][vc_column width=\u00bb1\/2&#8243;][vc_tta_accordion active_section=\u00bb1&#8243; collapsible_all=\u00bbtrue\u00bb el_class=\u00bbaccordion style1&#8243;][vc_tta_section title=\u00bb\u00bfPor qu\u00e9 se vendi\u00f3 mi pr\u00e9stamo a GENESIS PII GROUP?\u00bb tab_id=\u00bb1523674336181-c33b472b-c7db\u00bb][vc_column_text]<\/p>\n<div class=\"J0lOec\"><span class=\"VIiyi\" lang=\"es\"><span class=\"JLqJ4b ChMk0b\" data-language-for-alternatives=\"es\" data-language-to-translate-into=\"en\" data-phrase-index=\"1\" data-number-of-phrases=\"2\"><span class=\"Q4iAWc\">Estas son buenas noticias para ti!\u00a0Hemos encontrado a trav\u00e9s de la venta de los pr\u00e9stamos, el mejor mecanismo, para poner a su disposici\u00f3n soluciones a medida, que faciliten y ayuden a los clientes con disposici\u00f3n de pago.\u00a0<\/span><\/span><\/span><\/div>\n<p>[\/vc_column_text][\/vc_tta_section][vc_tta_section title=\u00bb\u00bfQu\u00e9 significa esto y c\u00f3mo afectar\u00e1 esto a mi historial crediticio?\u00bb tab_id=\u00bb1523674427482-8940eac7-0374&#8243;][vc_column_text]<\/p>\n<div class=\"J0lOec\"><span class=\"VIiyi\" lang=\"es\"><span class=\"JLqJ4b ChMk0b\" data-language-for-alternatives=\"es\" data-language-to-translate-into=\"en\" data-phrase-index=\"0\" data-number-of-phrases=\"2\"><span class=\"Q4iAWc\">Esto significa que entendemos que a veces podemos enfrentarnos a situaciones extraordinarias fuera de nuestras manos, por lo que si est\u00e1 dispuesto a pagar como cliente, estamos aqu\u00ed para ayudarlo.<\/span><\/span> <span class=\"JLqJ4b ChMk0b\" data-language-for-alternatives=\"es\" data-language-to-translate-into=\"en\" data-phrase-index=\"1\" data-number-of-phrases=\"2\"><span class=\"Q4iAWc\">Tu historial crediticio no tendr\u00e1 ning\u00fan cambio inmediato con la venta, pero nos comprometemos a trabajar codo con codo contigo para mejorar tu situaci\u00f3n actual y alcanzar pronto la salud financiera.<\/span><\/span><\/span><\/div>\n<p>[\/vc_column_text][\/vc_tta_section][vc_tta_section title=\u00bb\u00bfQue pasa ahora?\u00bb tab_id=\u00bb1600462784100-16505858-8d57&#8243;][vc_column_text]<span class=\"VIiyi\" lang=\"es\"><span class=\"JLqJ4b ChMk0b\" data-language-for-alternatives=\"es\" data-language-to-translate-into=\"en\" data-phrase-index=\"0\" data-number-of-phrases=\"3\"><span class=\"Q4iAWc\">No hay cambios en los t\u00e9rminos de su(s) pr\u00e9stamo(s), ni ninguna negociaci\u00f3n en curso que pueda tener con el banco, todo contin\u00faa igual, pero pronto estar\u00e1 disponible para usted un nuevo grupo de posibilidades.<\/span><\/span> <span class=\"JLqJ4b ChMk0b\" data-language-for-alternatives=\"es\" data-language-to-translate-into=\"en\" data-phrase-index=\"1\" data-number-of-phrases=\"3\"><span class=\"Q4iAWc\">Si tiene otras cuentas\/productos mantenidos con Scotiabank, esta venta no los afectar\u00e1.<\/span><\/span> <span class=\"JLqJ4b ChMk0b\" data-language-for-alternatives=\"es\" data-language-to-translate-into=\"en\" data-phrase-index=\"2\" data-number-of-phrases=\"3\"><span class=\"Q4iAWc\">Para obtener m\u00e1s informaci\u00f3n, p\u00f3ngase en contacto con nosotros.<\/span><\/span><\/span>[\/vc_column_text][\/vc_tta_section][vc_tta_section title=\u00bb\u00bfSignifica esto que debo continuar con mis pagos como lo hac\u00eda antes?\u00bb tab_id=\u00bb1600462889402-8323e4f0-02ee\u00bb][vc_column_text]<span data-sheets-formula-bar-text-style=\"font-size:15px;color:#000000;font-weight:normal;text-decoration:none;font-family:'docs-Calibri';font-style:normal;text-decoration-skip-ink:none;\"><span class=\"VIiyi\" lang=\"es\"><span class=\"JLqJ4b ChMk0b\" data-language-for-alternatives=\"es\" data-language-to-translate-into=\"en\" data-phrase-index=\"0\" data-number-of-phrases=\"3\"><span class=\"Q4iAWc\">Eso es correcto, respetaremos cualquier negociaci\u00f3n en curso que ya tenga con el banco.<\/span><\/span> <span class=\"JLqJ4b ChMk0b\" data-language-for-alternatives=\"es\" data-language-to-translate-into=\"en\" data-phrase-index=\"1\" data-number-of-phrases=\"3\"><span class=\"Q4iAWc\">Sin embargo, debe comenzar a pagar a<strong> Genesis PII<\/strong>.<\/span><\/span> <span class=\"JLqJ4b ChMk0b\" data-language-for-alternatives=\"es\" data-language-to-translate-into=\"en\" data-phrase-index=\"2\" data-number-of-phrases=\"3\"><span class=\"Q4iAWc\">Comun\u00edcate con nosotros, a la brevedad, para orientarte en este proceso.<\/span><\/span><\/span><\/span>[\/vc_column_text][\/vc_tta_section][vc_tta_section title=\u00bb\u00bfQu\u00e9 sucede con mi acuerdo o plan de pago actual?\u00bb tab_id=\u00bb1645128770357-283e85b5-933a\u00bb][vc_column_text]<span data-sheets-formula-bar-text-style=\"font-size:15px;color:#000000;font-weight:normal;text-decoration:none;font-family:'docs-Calibri';font-style:normal;text-decoration-skip-ink:none;\"><span class=\"VIiyi\" lang=\"es\"><span class=\"JLqJ4b ChMk0b\" data-language-for-alternatives=\"es\" data-language-to-translate-into=\"en\" data-phrase-index=\"0\" data-number-of-phrases=\"1\"><span class=\"Q4iAWc\">Respetaremos su acuerdo con ScotiaBank, solo necesitamos saber m\u00e1s sobre usted y lo ayudaremos a pagar su deuda lo antes posible.<\/span><\/span><\/span><\/span>[\/vc_column_text][\/vc_tta_section][vc_tta_section title=\u00bb\u00bfNecesito enviar mis pagos al banco, como sol\u00eda hacer?\u00bb tab_id=\u00bb1645128870609-6f4a50b9-6545&#8243;][vc_column_text]<span data-sheets-formula-bar-text-style=\"font-size:15px;color:#000000;font-weight:normal;text-decoration:none;font-family:'docs-Calibri';font-style:normal;text-decoration-skip-ink:none;\"><span class=\"VIiyi\" lang=\"es\"><span class=\"JLqJ4b ChMk0b\" data-language-for-alternatives=\"es\" data-language-to-translate-into=\"en\" data-phrase-index=\"0\" data-number-of-phrases=\"2\"><span class=\"Q4iAWc\">Debe comenzar a realizar pagos a <strong>Genesis PII<\/strong>.<\/span><\/span> <span class=\"JLqJ4b ChMk0b\" data-language-for-alternatives=\"es\" data-language-to-translate-into=\"en\" data-phrase-index=\"1\" data-number-of-phrases=\"2\"><span class=\"Q4iAWc\">Vaya a la secci\u00f3n superior <strong>\u00abRealizar un pago\u00bb<\/strong>\u00a0 <a href=\"https:\/\/genesispii.com\/do\/realiza-tu-pago\/\"><img loading=\"lazy\" class=\"alignnone wp-image-125\" src=\"http:\/\/genesispii.com\/do\/wp-content\/uploads\/sites\/14\/2022\/07\/ClickHere.png\" alt=\"\" width=\"130\" height=\"36\" \/><\/a>para obtener m\u00e1s informaci\u00f3n, o comun\u00edquese con nuestros representantes de servicio al cliente para recibir m\u00e1s informaci\u00f3n.<\/span><\/span><\/span><\/span>[\/vc_column_text][\/vc_tta_section][\/vc_tta_accordion][\/vc_column][vc_column width=\u00bb1\/2&#8243;][vc_single_image image=\u00bb63&#8243; img_size=\u00bbfull\u00bb alignment=\u00bbcenter\u00bb style=\u00bbvc_box_shadow_3d\u00bb][\/vc_column][\/vc_row][vc_row][vc_column]\r\n\t\t<div class=\"themesflat-spacer \" data-desktop=\"45\" data-mobile=\"30\" data-smobile=\"20\">\t\t\t\r\n\t\t<\/div>[vc_tta_accordion active_section=\u00bb\u00bb el_class=\u00bbaccordion style1&#8243;][vc_tta_section title=\u00bbQuiero pagar, \u00bfqu\u00e9 debo hacer? \u00bfA qui\u00e9n debo llamar?\u00bb tab_id=\u00bb1600463123234-afb96054-e5a5&#8243;][vc_column_text]<span class=\"VIiyi\" lang=\"es\"><span class=\"JLqJ4b ChMk0b\" data-language-for-alternatives=\"es\" data-language-to-translate-into=\"en\" data-phrase-index=\"0\" data-number-of-phrases=\"2\"><span class=\"Q4iAWc\">Estamos constantemente fortaleciendo nuestra red para brindarle tantas opciones como sea posible.<\/span><\/span> <span class=\"JLqJ4b ChMk0b\" data-language-for-alternatives=\"es\" data-language-to-translate-into=\"en\" data-phrase-index=\"1\" data-number-of-phrases=\"2\"><span class=\"Q4iAWc\">Motivo por el cual estamos trabajando codo con codo con las mejores empresas de recuperaci\u00f3n de rendimiento del mercado.<\/span><\/span><\/span><\/p>\n<p><span class=\"VIiyi\" lang=\"es\"><span class=\"JLqJ4b ChMk0b\" data-language-for-alternatives=\"es\" data-language-to-translate-into=\"en\" data-phrase-index=\"0\" data-number-of-phrases=\"1\"><span class=\"Q4iAWc\">Para ver la lista de empresas con las que estamos trabajando actualmente, por favor<\/span><\/span><\/span>\u00a0 <img loading=\"lazy\" class=\"popmake-91 alignnone wp-image-125\" src=\"http:\/\/genesispii.com\/do\/wp-content\/uploads\/sites\/14\/2022\/07\/ClickHere.png\" alt=\"\" width=\"137\" height=\"40\" \/><br \/>\n<span class=\"VIiyi\" lang=\"es\"><span class=\"JLqJ4b ChMk0b\" data-language-for-alternatives=\"es\" data-language-to-translate-into=\"en\" data-phrase-index=\"0\" data-number-of-phrases=\"2\"><span class=\"Q4iAWc\">Si ha estado en comunicaci\u00f3n con una de estas empresas, contin\u00fae de la misma manera.<\/span><\/span> <span class=\"JLqJ4b ChMk0b\" data-language-for-alternatives=\"es\" data-language-to-translate-into=\"en\" data-phrase-index=\"1\" data-number-of-phrases=\"2\"><span class=\"Q4iAWc\">Para ubicar su(s) pr\u00e9stamo(s) o para obtener m\u00e1s ayuda.<\/span><\/span><\/span><strong>\u00a0 <a href=\"https:\/\/genesispii.com\/do\/contactanos\/\"><img loading=\"lazy\" class=\"alignnone wp-image-126\" src=\"http:\/\/genesispii.com\/do\/wp-content\/uploads\/sites\/14\/2022\/07\/contactanos.png\" alt=\"\" width=\"143\" height=\"42\" \/><\/a><\/strong><\/p>\n<p><strong><span class=\"VIiyi\" lang=\"es\"><span class=\"JLqJ4b ChMk0b\" data-language-for-alternatives=\"es\" data-language-to-translate-into=\"en\" data-phrase-index=\"0\" data-number-of-phrases=\"1\"><span class=\"Q4iAWc\">Realiza tus pagos en:<\/span><\/span><\/span><\/strong><\/p>\n<p><span class=\"VIiyi\" lang=\"es\"><span class=\"JLqJ4b ChMk0b\" data-language-for-alternatives=\"es\" data-language-to-translate-into=\"en\" data-phrase-index=\"0\" data-number-of-phrases=\"5\"><span class=\"Q4iAWc\">1. Aqu\u00ed en <strong>nuestro sitio web<\/strong>, vaya a la esquina superior derecha y haga clic en \u00ab<strong>Realizar un pago<\/strong>\u00ab.\u00a0<\/span><\/span> <span class=\"JLqJ4b ChMk0b\" data-language-for-alternatives=\"es\" data-language-to-translate-into=\"en\" data-phrase-index=\"4\" data-number-of-phrases=\"5\"><span class=\"Q4iAWc\"><a href=\"https:\/\/genesispii.com\/do\/realiza-tu-pago\/\" target=\"_blank\" rel=\"noopener noreferrer\"><img loading=\"lazy\" class=\"alignnone wp-image-127\" src=\"http:\/\/genesispii.com\/do\/wp-content\/uploads\/sites\/14\/2022\/07\/ver.png\" alt=\"\" width=\"108\" height=\"38\" \/><\/a><\/span><\/span> \u00a0<span class=\"JLqJ4b ChMk0b\" data-language-for-alternatives=\"es\" data-language-to-translate-into=\"en\" data-phrase-index=\"1\" data-number-of-phrases=\"5\"><span class=\"Q4iAWc\">Crea tu perfil usando un correo electr\u00f3nico y tu n\u00famero de pr\u00e9stamo como referencia.<\/span><\/span> <\/span><\/p>\n<p><span class=\"VIiyi\" lang=\"es\"><span class=\"JLqJ4b ChMk0b\" data-language-for-alternatives=\"es\" data-language-to-translate-into=\"en\" data-phrase-index=\"3\" data-number-of-phrases=\"5\"><span class=\"Q4iAWc\">2. En <\/span><\/span><span class=\"JLqJ4b ChMk0b\" data-language-for-alternatives=\"es\" data-language-to-translate-into=\"en\" data-phrase-index=\"4\" data-number-of-phrases=\"5\"><span class=\"Q4iAWc\"><strong>Paga Todo<\/strong>, haz click en el bot\u00f3n <a href=\"https:\/\/pagatodo.com.do\/web\" target=\"_blank\" rel=\"noopener noreferrer\"><img loading=\"lazy\" class=\"alignnone wp-image-127\" src=\"http:\/\/genesispii.com\/do\/wp-content\/uploads\/sites\/14\/2022\/07\/ver.png\" alt=\"\" width=\"108\" height=\"38\" \/><\/a>\u00a0 para conocer los puntos de Paga Todo donde puedes hacer tus pagos.<\/span><\/span><\/span><\/p>\n<p><span class=\"VIiyi\" lang=\"es\"><span class=\"JLqJ4b ChMk0b\" data-language-for-alternatives=\"es\" data-language-to-translate-into=\"en\" data-phrase-index=\"3\" data-number-of-phrases=\"5\"><span class=\"Q4iAWc\">3. Directamente en <strong>nuestra cuenta bancaria<\/strong> a trav\u00e9s de los Servicios de Pago de Facturas de Scotibank.<\/span><\/span> <span class=\"JLqJ4b ChMk0b\" data-language-for-alternatives=\"es\" data-language-to-translate-into=\"en\" data-phrase-index=\"4\" data-number-of-phrases=\"5\"><span class=\"Q4iAWc\">Solo necesita seleccionar <strong>GENESIS PII DO<\/strong> de la lista de proveedores registrados y usar su n\u00famero de pr\u00e9stamo\/n\u00famero de identificaci\u00f3n personal como referencia.<\/span><\/span><\/span><img loading=\"lazy\" class=\"popmake-87 alignnone wp-image-127 \" src=\"http:\/\/genesispii.com\/do\/wp-content\/uploads\/sites\/14\/2022\/07\/ver.png\" alt=\"\" width=\"108\" height=\"38\" \/>[\/vc_column_text][\/vc_tta_section][vc_tta_section title=\u00bbSi estoy experimentando dificultades financieras, \u00bfqu\u00e9 puedo hacer?\u00bb tab_id=\u00bb1600463123312-9c73076f-84a4&#8243;][vc_column_text]<span class=\"VIiyi\" lang=\"es\"><span class=\"JLqJ4b ChMk0b\" data-language-for-alternatives=\"es\" data-language-to-translate-into=\"en\" data-phrase-index=\"0\" data-number-of-phrases=\"3\"><span class=\"Q4iAWc\"><strong>GENESIS PII<\/strong> entiende que hay muchas razones por las que una persona puede experimentar dificultades financieras que dificultan realizar un pago o un acuerdo de pago en su cuenta.<\/span><\/span> <\/span><\/p>\n<p><span class=\"VIiyi\" lang=\"es\"><span class=\"JLqJ4b ChMk0b\" data-language-for-alternatives=\"es\" data-language-to-translate-into=\"en\" data-phrase-index=\"2\" data-number-of-phrases=\"3\"><span class=\"Q4iAWc\"><strong>Estamos aqu\u00ed para ayudar,<\/strong> hable con un representante de servicio al cliente para analizar sus opciones.<\/span><\/span><\/span>[\/vc_column_text][\/vc_tta_section][vc_tta_section title=\u00bb\u00bfPuedo hacer pagos a mi pr\u00e9stamo si estoy en el extranjero?\u00bb tab_id=\u00bb1645489227441-71d3ccc8-ea51&#8243;][vc_column_text]<span data-sheets-formula-bar-text-style=\"font-size:15px;color:#000000;font-weight:normal;text-decoration:none;font-family:'docs-Calibri';font-style:normal;text-decoration-skip-ink:none;\"><span class=\"VIiyi\" lang=\"es\"><span class=\"JLqJ4b ChMk0b\" data-language-for-alternatives=\"es\" data-language-to-translate-into=\"en\" data-phrase-index=\"0\" data-number-of-phrases=\"1\"><span class=\"Q4iAWc\">S\u00ed, vaya a la secci\u00f3n superior <strong>\u00abRealizar un pago\u00bb<\/strong> <a href=\"https:\/\/genesispii.com\/do\/realiza-tu-pago\/\"><img loading=\"lazy\" class=\"alignnone wp-image-125 \" src=\"http:\/\/genesispii.com\/do\/wp-content\/uploads\/sites\/14\/2022\/07\/ClickHere.png\" alt=\"\" width=\"126\" height=\"37\" \/><\/a>\u00a0 para obtener m\u00e1s informaci\u00f3n, o comun\u00edquese con nuestros representantes de servicio al cliente para recibir m\u00e1s informaci\u00f3n.<\/span><\/span><\/span><br \/>\n<\/span>[\/vc_column_text][\/vc_tta_section][\/vc_tta_accordion]\r\n\t\t<div class=\"themesflat-spacer \" data-desktop=\"65\" data-mobile=\"30\" data-smobile=\"20\">\t\t\t\r\n\t\t<\/div>[\/vc_column][\/vc_row][vc_row full_width=\u00bbstretch_row\u00bb default_id=\u00bbthemesflat_1600464260&#8243; css=\u00bb.vc_custom_1600465037733{padding-top: 45px !important;padding-bottom: 45px !important;background-image: url(https:\/\/genesis.design-code.dev\/wp-content\/uploads\/2020\/09\/background5.jpg?id=2263) !important;}\u00bb][vc_column]\r\n\t\t<div class=\"themesflat-spacer \" data-desktop=\"35\" data-mobile=\"30\" data-smobile=\"20\">\t\t\t\r\n\t\t<\/div>[vc_column_text]<\/p>\n<h5 style=\"text-align: center;\"><span class=\"VIiyi\" lang=\"es\"><span class=\"JLqJ4b ChMk0b\" data-language-for-alternatives=\"es\" data-language-to-translate-into=\"en\" data-phrase-index=\"0\" data-number-of-phrases=\"3\"><span class=\"Q4iAWc\">P\u00f3ngase en contacto con G\u00e9nesis PII directamente<\/span><\/span>, <span class=\"JLqJ4b ChMk0b\" data-language-for-alternatives=\"es\" data-language-to-translate-into=\"en\" data-phrase-index=\"2\" data-number-of-phrases=\"3\"><span class=\"Q4iAWc\">para conocer<\/span><\/span><\/span><\/h5>\n<h5 style=\"text-align: center;\"><span class=\"VIiyi\" lang=\"es\"><span class=\"JLqJ4b ChMk0b\" data-language-for-alternatives=\"es\" data-language-to-translate-into=\"en\" data-phrase-index=\"2\" data-number-of-phrases=\"3\"><span class=\"Q4iAWc\"> las opciones disponibles para usted.<\/span><\/span><\/span><\/h5>\n<p>[\/vc_column_text]\r\n\t\t<div class=\"themesflat-spacer \" data-desktop=\"35\" data-mobile=\"30\" data-smobile=\"20\">\t\t\t\r\n\t\t<\/div>[\/vc_column][\/vc_row]<\/p>\n","protected":false},"excerpt":{"rendered":"<p>[vc_row css_animation=\u00bbfadeInDown\u00bb default_id=\u00bbthemesflat_1600461603&#8243; css=\u00bb.vc_custom_1600462280818{background-color: #c9c9c9 !important;border-radius: 30px !important;}\u00bb][vc_column][\/vc_column][\/vc_row][vc_row][vc_column][\/vc_column][\/vc_row][vc_row][vc_column width=\u00bb1\/2&#8243;][vc_tta_accordion active_section=\u00bb1&#8243; collapsible_all=\u00bbtrue\u00bb el_class=\u00bbaccordion style1&#8243;][vc_tta_section title=\u00bb\u00bfPor qu\u00e9 se vendi\u00f3 mi pr\u00e9stamo a GENESIS PII GROUP?\u00bb tab_id=\u00bb1523674336181-c33b472b-c7db\u00bb][vc_column_text] Estas son buenas noticias para ti!\u00a0Hemos encontrado a trav\u00e9s de la venta de los pr\u00e9stamos, el mejor mecanismo, para poner a su disposici\u00f3n soluciones a medida, que faciliten y ayuden a los clientes [&hellip;]<\/p>\n","protected":false},"author":1,"featured_media":0,"parent":0,"menu_order":0,"comment_status":"closed","ping_status":"closed","template":"tpl\/page_fullwidth.php","meta":[],"aioseo_notices":[],"amp_validity":null,"amp_enabled":true,"_links":{"self":[{"href":"https:\/\/genesispii.com\/do\/wp-json\/wp\/v2\/pages\/62"}],"collection":[{"href":"https:\/\/genesispii.com\/do\/wp-json\/wp\/v2\/pages"}],"about":[{"href":"https:\/\/genesispii.com\/do\/wp-json\/wp\/v2\/types\/page"}],"author":[{"embeddable":true,"href":"https:\/\/genesispii.com\/do\/wp-json\/wp\/v2\/users\/1"}],"replies":[{"embeddable":true,"href":"https:\/\/genesispii.com\/do\/wp-json\/wp\/v2\/comments?post=62"}],"version-history":[{"count":0,"href":"https:\/\/genesispii.com\/do\/wp-json\/wp\/v2\/pages\/62\/revisions"}],"wp:attachment":[{"href":"https:\/\/genesispii.com\/do\/wp-json\/wp\/v2\/media?parent=62"}],"curies":[{"name":"wp","href":"https:\/\/api.w.org\/{rel}","templated":true}]}}